{"id":954,"date":"2018-12-14T13:37:49","date_gmt":"2018-12-14T13:37:49","guid":{"rendered":"https:\/\/gulvleggeroslo.no\/?page_id=954"},"modified":"2022-09-01T21:43:46","modified_gmt":"2022-09-01T21:43:46","slug":"hvorfor-oss","status":"publish","type":"page","link":"https:\/\/gulvleggeroslo.no\/?page_id=954","title":{"rendered":"Hvorfor oss?"},"content":{"rendered":"<section class=\"sh-section sh-section-d5c495432369d31fd58c112789f0574a fw-main-row sh-section-visibility-everywhere\">\n<div class=\"sh-section-container container\">\n<div class=\"fw-row\">\n<div class=\"sh-column sh-column-016a9db0abad18050609e382f86329bd fw-col-xs-12 fw-col-sm-6\">\n<div class=\"sh-column-wrapper\">\n<ul>\n<li>Alltid p\u00e5 tid og innenfor budsjett<\/li>\n<li>Virkelig fokus p\u00e5 kundetilfredshet<\/li>\n<li>Overlegen kvalitet og h\u00e5ndverk<\/li>\n<li>Finansielt ansvar overfor v\u00e5re kunder<\/li>\n<li>Kvalitet og verdi av prosjekter vi leverer<\/li>\n<li>Gratis konsultasjon<\/li>\n<\/ul>\n<\/div>\n<\/div>\n<div class=\"sh-column sh-column-f2d7fe7439b6aeaddb3e0acab3750265 fw-col-xs-12 fw-col-sm-6\">\n<div class=\"sh-column-wrapper\">\n<div id=\"single-image-d84a60c944596bd97f62e6f49c2dfbf8\" class=\"sh-single-image\">\n<div class=\"sh-single-image-container\">\n<p><img decoding=\"async\" class=\"sh-image-url\" src=\"https:\/\/gulvleggeroslo.no\/wp-content\/uploads\/2018\/12\/gulvlegging-oslo.jpg\" alt=\"gulvinstallering i hjem i Oslo\" \/><\/p>\n<\/div>\n<\/div>\n<\/div>\n<\/div>\n<\/div>\n<div class=\"fw-row\">\n<div class=\"sh-column sh-column-d50aa45d03ed59eff118b7c9bb9a5c19 fw-col-xs-12\">\n<div class=\"sh-column-wrapper\">\n<div id=\"heading-afccb45ff432d9592f834e7f4dd4f53f\" class=\"sh-heading\">\n<h1 class=\"sh-heading-content size-default text-center\">Alt begynner med gulvet<\/h1>\n<\/div>\n<div id=\"text-block-9241781d3df29f2e5f2c2ccdb6c6defc\" class=\"sh-text-block\">\n<p>Grunnlaget for alle boliger er et gulv som er funksjonelt og har riktig stil. Utfordringen med \u00e5 legge et eget gulv ligger vanligvis i \u00e5 h\u00e5ndtere egnede gulvmaterialer i de riktige stedene &#8211; og for \u00e5 f\u00e5 det pent. Uklare ledd, skr\u00e5 parkett og tepper som l\u00f8sner seg over tid er dessverre altfor vanlige.<\/p>\n<p>Med oss f\u00e5r du profesjonell hjelp med gulv i Oslo. Vi har trent gulvleggere som legges hundrevis av kvadratmeter med ulike gulvmaterialer &#8211; fra parkett til linoleum. Gjennom \u00e5rene har vi hjulpet mindre og st\u00f8rre kunder \u00e5 legge gulv i leiligheter, hus og andre rom. Ta en titt p\u00e5 &#8220;tidligere prosjekter&#8221; her p\u00e5 v\u00e5r hjemmeside for mer informasjon om de gulvene vi har lagt til.<\/p>\n<p><strong>Renovering, gulvlegging og lengre levetid<\/strong><br \/>\n&#8220;Knarr&#8221;, &#8220;Gnissel&#8221; eller &#8220;brak&#8221;. Hvordan lyder gulvene dine? Gulvene kan ende opp i begge tilfeller gjennom \u00e5rene. Men det er ikke bare st\u00f8y, men ogs\u00e5 stygge kl\u00e6r som indikerer at en ny etasje er b\u00e5de n\u00f8dvendig og forfalt. Vi renoverer og forlenge levetiden til eksisterende gulv. For parkettgulv kan det bety sliping og erstatning av deler av skadede gulv for \u00e5 gj\u00f8re det nytt.<\/p>\n<p><strong>Gulvbelegg- del av totalrenovering<\/strong><br \/>\nTrenger du mer enn et nytt gulv? Vi gjennomf\u00f8rer totalrenovering hvor gulvleggingen er en viktig del. Her bist\u00e5r vi med r\u00e5d ved starten av prosjektet, slik at alt materiale kollapser og fungerer rent praktisk. Hos oss f\u00e5r du \u00e9n kontaktperson gjennom hele prosjektet, enten du skal legge gulv eller renovere hele hjemmet.<\/p>\n<p>Kontakt oss og vi vil fortell deg mer om hvordan vi kan hjelpe deg med <a href=\"https:\/\/gulvleggeroslo.no\/\">gulv i Oslo<\/a>.<\/p>\n<\/div>\n<\/div>\n<\/div>\n<\/div>\n<\/div>\n<\/section>\n<p><!-- c2f2a42aa5786ba43719e4bc3143e6c4 --><\/p>\n","protected":false},"excerpt":{"rendered":"<p>Alltid p\u00e5 tid og innenfor budsjett Virkelig fokus p\u00e5 kundetilfredshet Overlegen kvalitet og h\u00e5ndverk Finansielt ansvar overfor v\u00e5re kunder Kvalitet og verdi av prosjekter vi leverer Gratis konsultasjon Alt begynner med gulvet Grunnlaget for alle boliger er et gulv som er funksjonelt og har riktig stil. Utfordringen med \u00e5 legge et eget gulv ligger vanligvis [&hellip;]<\/p>\n","protected":false},"author":3,"featured_media":0,"parent":0,"menu_order":0,"comment_status":"closed","ping_status":"closed","template":"","meta":{"footnotes":""},"class_list":["post-954","page","type-page","status-publish","hentry"],"yoast_head":"<!-- This site is optimized with the Yoast SEO plugin v24.7 - https:\/\/yoast.com\/wordpress\/plugins\/seo\/ -->\n<title>Hvorfor oss? Noen gode argumenter!<\/title>\n<meta name=\"description\" content=\"Her finner du noen gode argumenter p\u00e5 hvorfor du skal velge oss p\u00e5 Gulvlegger oslo!\" \/>\n<meta name=\"robots\" content=\"index, follow, max-snippet:-1, max-image-preview:large, max-video-preview:-1\" \/>\n<link rel=\"canonical\" href=\"https:\/\/gulvleggeroslo.no\/?page_id=954\" \/>\n<meta property=\"og:locale\" content=\"en_US\" \/>\n<meta property=\"og:type\" content=\"article\" \/>\n<meta property=\"og:title\" content=\"Hvorfor oss? Noen gode argumenter!\" \/>\n<meta property=\"og:description\" content=\"Her finner du noen gode argumenter p\u00e5 hvorfor du skal velge oss p\u00e5 Gulvlegger oslo!\" \/>\n<meta property=\"og:url\" content=\"https:\/\/gulvleggeroslo.no\/?page_id=954\" \/>\n<meta property=\"og:site_name\" content=\"Gulvlegger Oslo\" \/>\n<meta property=\"article:modified_time\" content=\"2022-09-01T21:43:46+00:00\" \/>\n<meta property=\"og:image\" content=\"https:\/\/gulvleggeroslo.no\/wp-content\/uploads\/2018\/12\/gulvlegging-oslo.jpg\" \/>\n<meta name=\"twitter:card\" content=\"summary_large_image\" \/>\n<meta name=\"twitter:label1\" content=\"Est. reading time\" \/>\n\t<meta name=\"twitter:data1\" content=\"2 minutes\" \/>\n<script type=\"application\/ld+json\" class=\"yoast-schema-graph\">{\"@context\":\"https:\/\/schema.org\",\"@graph\":[{\"@type\":\"WebPage\",\"@id\":\"https:\/\/gulvleggeroslo.no\/?page_id=954\",\"url\":\"https:\/\/gulvleggeroslo.no\/?page_id=954\",\"name\":\"Hvorfor oss? Noen gode argumenter!\",\"isPartOf\":{\"@id\":\"https:\/\/gulvleggeroslo.no\/#website\"},\"primaryImageOfPage\":{\"@id\":\"https:\/\/gulvleggeroslo.no\/?page_id=954#primaryimage\"},\"image\":{\"@id\":\"https:\/\/gulvleggeroslo.no\/?page_id=954#primaryimage\"},\"thumbnailUrl\":\"https:\/\/gulvleggeroslo.no\/wp-content\/uploads\/2018\/12\/gulvlegging-oslo.jpg\",\"datePublished\":\"2018-12-14T13:37:49+00:00\",\"dateModified\":\"2022-09-01T21:43:46+00:00\",\"description\":\"Her finner du noen gode argumenter p\u00e5 hvorfor du skal velge oss p\u00e5 Gulvlegger oslo!\",\"breadcrumb\":{\"@id\":\"https:\/\/gulvleggeroslo.no\/?page_id=954#breadcrumb\"},\"inLanguage\":\"en-US\",\"potentialAction\":[{\"@type\":\"ReadAction\",\"target\":[\"https:\/\/gulvleggeroslo.no\/?page_id=954\"]}]},{\"@type\":\"ImageObject\",\"inLanguage\":\"en-US\",\"@id\":\"https:\/\/gulvleggeroslo.no\/?page_id=954#primaryimage\",\"url\":\"https:\/\/gulvleggeroslo.no\/wp-content\/uploads\/2018\/12\/gulvlegging-oslo.jpg\",\"contentUrl\":\"https:\/\/gulvleggeroslo.no\/wp-content\/uploads\/2018\/12\/gulvlegging-oslo.jpg\",\"width\":612,\"height\":408,\"caption\":\"gulvinstallering i hjem i Oslo\"},{\"@type\":\"BreadcrumbList\",\"@id\":\"https:\/\/gulvleggeroslo.no\/?page_id=954#breadcrumb\",\"itemListElement\":[{\"@type\":\"ListItem\",\"position\":1,\"name\":\"Home\",\"item\":\"https:\/\/gulvleggeroslo.no\/\"},{\"@type\":\"ListItem\",\"position\":2,\"name\":\"Hvorfor oss?\"}]},{\"@type\":\"WebSite\",\"@id\":\"https:\/\/gulvleggeroslo.no\/#website\",\"url\":\"https:\/\/gulvleggeroslo.no\/\",\"name\":\"Gulvlegger Oslo\",\"description\":\"\",\"potentialAction\":[{\"@type\":\"SearchAction\",\"target\":{\"@type\":\"EntryPoint\",\"urlTemplate\":\"https:\/\/gulvleggeroslo.no\/?s={search_term_string}\"},\"query-input\":{\"@type\":\"PropertyValueSpecification\",\"valueRequired\":true,\"valueName\":\"search_term_string\"}}],\"inLanguage\":\"en-US\"}]}<\/script>\n<!-- \/ Yoast SEO plugin. -->","yoast_head_json":{"title":"Hvorfor oss? Noen gode argumenter!","description":"Her finner du noen gode argumenter p\u00e5 hvorfor du skal velge oss p\u00e5 Gulvlegger oslo!","robots":{"index":"index","follow":"follow","max-snippet":"max-snippet:-1","max-image-preview":"max-image-preview:large","max-video-preview":"max-video-preview:-1"},"canonical":"https:\/\/gulvleggeroslo.no\/?page_id=954","og_locale":"en_US","og_type":"article","og_title":"Hvorfor oss? Noen gode argumenter!","og_description":"Her finner du noen gode argumenter p\u00e5 hvorfor du skal velge oss p\u00e5 Gulvlegger oslo!","og_url":"https:\/\/gulvleggeroslo.no\/?page_id=954","og_site_name":"Gulvlegger Oslo","article_modified_time":"2022-09-01T21:43:46+00:00","og_image":[{"url":"https:\/\/gulvleggeroslo.no\/wp-content\/uploads\/2018\/12\/gulvlegging-oslo.jpg","type":"","width":"","height":""}],"twitter_card":"summary_large_image","twitter_misc":{"Est. reading time":"2 minutes"},"schema":{"@context":"https:\/\/schema.org","@graph":[{"@type":"WebPage","@id":"https:\/\/gulvleggeroslo.no\/?page_id=954","url":"https:\/\/gulvleggeroslo.no\/?page_id=954","name":"Hvorfor oss? Noen gode argumenter!","isPartOf":{"@id":"https:\/\/gulvleggeroslo.no\/#website"},"primaryImageOfPage":{"@id":"https:\/\/gulvleggeroslo.no\/?page_id=954#primaryimage"},"image":{"@id":"https:\/\/gulvleggeroslo.no\/?page_id=954#primaryimage"},"thumbnailUrl":"https:\/\/gulvleggeroslo.no\/wp-content\/uploads\/2018\/12\/gulvlegging-oslo.jpg","datePublished":"2018-12-14T13:37:49+00:00","dateModified":"2022-09-01T21:43:46+00:00","description":"Her finner du noen gode argumenter p\u00e5 hvorfor du skal velge oss p\u00e5 Gulvlegger oslo!","breadcrumb":{"@id":"https:\/\/gulvleggeroslo.no\/?page_id=954#breadcrumb"},"inLanguage":"en-US","potentialAction":[{"@type":"ReadAction","target":["https:\/\/gulvleggeroslo.no\/?page_id=954"]}]},{"@type":"ImageObject","inLanguage":"en-US","@id":"https:\/\/gulvleggeroslo.no\/?page_id=954#primaryimage","url":"https:\/\/gulvleggeroslo.no\/wp-content\/uploads\/2018\/12\/gulvlegging-oslo.jpg","contentUrl":"https:\/\/gulvleggeroslo.no\/wp-content\/uploads\/2018\/12\/gulvlegging-oslo.jpg","width":612,"height":408,"caption":"gulvinstallering i hjem i Oslo"},{"@type":"BreadcrumbList","@id":"https:\/\/gulvleggeroslo.no\/?page_id=954#breadcrumb","itemListElement":[{"@type":"ListItem","position":1,"name":"Home","item":"https:\/\/gulvleggeroslo.no\/"},{"@type":"ListItem","position":2,"name":"Hvorfor oss?"}]},{"@type":"WebSite","@id":"https:\/\/gulvleggeroslo.no\/#website","url":"https:\/\/gulvleggeroslo.no\/","name":"Gulvlegger Oslo","description":"","potentialAction":[{"@type":"SearchAction","target":{"@type":"EntryPoint","urlTemplate":"https:\/\/gulvleggeroslo.no\/?s={search_term_string}"},"query-input":{"@type":"PropertyValueSpecification","valueRequired":true,"valueName":"search_term_string"}}],"inLanguage":"en-US"}]}},"_links":{"self":[{"href":"https:\/\/gulvleggeroslo.no\/index.php?rest_route=\/wp\/v2\/pages\/954","targetHints":{"allow":["GET"]}}],"collection":[{"href":"https:\/\/gulvleggeroslo.no\/index.php?rest_route=\/wp\/v2\/pages"}],"about":[{"href":"https:\/\/gulvleggeroslo.no\/index.php?rest_route=\/wp\/v2\/types\/page"}],"author":[{"embeddable":true,"href":"https:\/\/gulvleggeroslo.no\/index.php?rest_route=\/wp\/v2\/users\/3"}],"replies":[{"embeddable":true,"href":"https:\/\/gulvleggeroslo.no\/index.php?rest_route=%2Fwp%2Fv2%2Fcomments&post=954"}],"version-history":[{"count":0,"href":"https:\/\/gulvleggeroslo.no\/index.php?rest_route=\/wp\/v2\/pages\/954\/revisions"}],"wp:attachment":[{"href":"https:\/\/gulvleggeroslo.no\/index.php?rest_route=%2Fwp%2Fv2%2Fmedia&parent=954"}],"curies":[{"name":"wp","href":"https:\/\/api.w.org\/{rel}","templated":true}]}}