{"id":837,"date":"2018-09-24T11:06:06","date_gmt":"2018-09-24T11:06:06","guid":{"rendered":"https:\/\/gulvleggeroslo.no\/?page_id=837"},"modified":"2022-09-01T21:41:16","modified_gmt":"2022-09-01T21:41:16","slug":"om","status":"publish","type":"page","link":"https:\/\/gulvleggeroslo.no\/?page_id=837","title":{"rendered":"Om oss"},"content":{"rendered":"<section class=\"sh-section sh-section-9ddf020cd173d6a03351476ba959c0d3 fw-main-row sh-section-visibility-everywhere\">\n<div class=\"sh-section-container container\">\n<div class=\"fw-row\">\n<div class=\"sh-column sh-column-2da48abe3cb564ff02216dab755a2c0c fw-col-xs-12\">\n<div class=\"sh-column-wrapper\">\n<div id=\"heading-043be0a621bc9d90a22ccfc960e22525\" class=\"sh-heading\">\n<h1 class=\"sh-heading-content size-default text-center\">Om Oss<\/h1>\n<\/div>\n<\/div>\n<\/div>\n<\/div>\n<div class=\"fw-row\">\n<div class=\"sh-column sh-column-85425c67c92ee5072a58daa62852c200 fw-col-xs-12\">\n<div class=\"sh-column-wrapper\">\n<div id=\"text-block-5b66c394ddf5b445d5f7a4756b045f91\" class=\"sh-text-block\">\n<p>Velkommen til Gulvlegger Oslo, parkett og gulvspesialist i Oslo.<\/p>\n<p>Her er noen gode grunner til \u00e5 ansette oss som din autoriserte og erfarne gulvspesialist:<\/p>\n<p>-Lav pris &#8211; Vi kan alltid gj\u00f8re jobben til en god pris uten \u00e5 g\u00e5 p\u00e5 kompromiss med kvaliteten.<\/p>\n<p>&#8211; Stor sikkerhet &#8211; Vi har gode garantier for alle v\u00e5re oppgaver.<\/p>\n<p>&#8211; H\u00f8y kompetanse &#8211; v\u00e5re ansatte er alle velutdannede gulvspesialister med riktig sertifisering.<\/p>\n<p>&#8211; Bedre for milj\u00f8et &#8211; Vi har et milj\u00f8hensyn p\u00e5 alle m\u00e5ter og kontinuerlig utvikler v\u00e5rt milj\u00f8arbeid.<\/p>\n<p>&#8211; Mer lett for kunder &#8211; Vi er fleksible og lytter alltid n\u00f8ye til v\u00e5re kunder.<\/p>\n<p><a href=\"https:\/\/gulvleggeroslo.no\/\">Gulvlegging<\/a> er en av v\u00e5re store spesialiteter, men vi gj\u00f8r alle typer tregulv, enten det er renovering, gulvsliping eller ulike malings- og oljebehandlinger. V\u00e5re erfarne og kunnskapsrike gulvledere er fleksible og presise. Vi utf\u00f8rer alltid v\u00e5re oppgaver av h\u00f8y kvalitet og toppniv\u00e5 &#8211; alltid i en \u00e5pen og resultatorientert dialog med kunden. Dine behov og \u00f8nsker er alltid i fokus for oss. Dette gj\u00f8r at du kan f\u00f8le seg trygg i hvordan arbeidet utf\u00f8res. Vi \u00f8nsker deg som kunde \u00e5 v\u00e6re forn\u00f8yd med resultatet!<\/p>\n<\/div>\n<\/div>\n<\/div>\n<\/div>\n<\/div>\n<\/section>\n<p><!-- 19e01ae40ad83dd4347f65904e3fdf3d --><\/p>\n","protected":false},"excerpt":{"rendered":"<p>Om Oss Velkommen til Gulvlegger Oslo, parkett og gulvspesialist i Oslo. Her er noen gode grunner til \u00e5 ansette oss som din autoriserte og erfarne gulvspesialist: -Lav pris &#8211; Vi kan alltid gj\u00f8re jobben til en god pris uten \u00e5 g\u00e5 p\u00e5 kompromiss med kvaliteten. &#8211; Stor sikkerhet &#8211; Vi har gode garantier for alle [&hellip;]<\/p>\n","protected":false},"author":3,"featured_media":0,"parent":0,"menu_order":0,"comment_status":"closed","ping_status":"closed","template":"","meta":{"footnotes":""},"class_list":["post-837","page","type-page","status-publish","hentry"],"yoast_head":"<!-- This site is optimized with the Yoast SEO plugin v24.7 - https:\/\/yoast.com\/wordpress\/plugins\/seo\/ -->\n<title>Om oss - Gulvlegger Oslo<\/title>\n<meta name=\"robots\" content=\"index, follow, max-snippet:-1, max-image-preview:large, max-video-preview:-1\" \/>\n<link rel=\"canonical\" href=\"https:\/\/gulvleggeroslo.no\/?page_id=837\" \/>\n<meta property=\"og:locale\" content=\"en_US\" \/>\n<meta property=\"og:type\" content=\"article\" \/>\n<meta property=\"og:title\" content=\"Om oss - Gulvlegger Oslo\" \/>\n<meta property=\"og:description\" content=\"Om Oss Velkommen til Gulvlegger Oslo, parkett og gulvspesialist i Oslo. Her er noen gode grunner til \u00e5 ansette oss som din autoriserte og erfarne gulvspesialist: -Lav pris &#8211; Vi kan alltid gj\u00f8re jobben til en god pris uten \u00e5 g\u00e5 p\u00e5 kompromiss med kvaliteten. &#8211; Stor sikkerhet &#8211; Vi har gode garantier for alle [&hellip;]\" \/>\n<meta property=\"og:url\" content=\"https:\/\/gulvleggeroslo.no\/?page_id=837\" \/>\n<meta property=\"og:site_name\" content=\"Gulvlegger Oslo\" \/>\n<meta property=\"article:modified_time\" content=\"2022-09-01T21:41:16+00:00\" \/>\n<meta name=\"twitter:card\" content=\"summary_large_image\" \/>\n<meta name=\"twitter:label1\" content=\"Est. reading time\" \/>\n\t<meta name=\"twitter:data1\" content=\"1 minute\" \/>\n<script type=\"application\/ld+json\" class=\"yoast-schema-graph\">{\"@context\":\"https:\/\/schema.org\",\"@graph\":[{\"@type\":\"WebPage\",\"@id\":\"https:\/\/gulvleggeroslo.no\/?page_id=837\",\"url\":\"https:\/\/gulvleggeroslo.no\/?page_id=837\",\"name\":\"Om oss - Gulvlegger Oslo\",\"isPartOf\":{\"@id\":\"https:\/\/gulvleggeroslo.no\/#website\"},\"datePublished\":\"2018-09-24T11:06:06+00:00\",\"dateModified\":\"2022-09-01T21:41:16+00:00\",\"breadcrumb\":{\"@id\":\"https:\/\/gulvleggeroslo.no\/?page_id=837#breadcrumb\"},\"inLanguage\":\"en-US\",\"potentialAction\":[{\"@type\":\"ReadAction\",\"target\":[\"https:\/\/gulvleggeroslo.no\/?page_id=837\"]}]},{\"@type\":\"BreadcrumbList\",\"@id\":\"https:\/\/gulvleggeroslo.no\/?page_id=837#breadcrumb\",\"itemListElement\":[{\"@type\":\"ListItem\",\"position\":1,\"name\":\"Home\",\"item\":\"https:\/\/gulvleggeroslo.no\/\"},{\"@type\":\"ListItem\",\"position\":2,\"name\":\"Om oss\"}]},{\"@type\":\"WebSite\",\"@id\":\"https:\/\/gulvleggeroslo.no\/#website\",\"url\":\"https:\/\/gulvleggeroslo.no\/\",\"name\":\"Gulvlegger Oslo\",\"description\":\"\",\"potentialAction\":[{\"@type\":\"SearchAction\",\"target\":{\"@type\":\"EntryPoint\",\"urlTemplate\":\"https:\/\/gulvleggeroslo.no\/?s={search_term_string}\"},\"query-input\":{\"@type\":\"PropertyValueSpecification\",\"valueRequired\":true,\"valueName\":\"search_term_string\"}}],\"inLanguage\":\"en-US\"}]}<\/script>\n<!-- \/ Yoast SEO plugin. -->","yoast_head_json":{"title":"Om oss - Gulvlegger Oslo","robots":{"index":"index","follow":"follow","max-snippet":"max-snippet:-1","max-image-preview":"max-image-preview:large","max-video-preview":"max-video-preview:-1"},"canonical":"https:\/\/gulvleggeroslo.no\/?page_id=837","og_locale":"en_US","og_type":"article","og_title":"Om oss - Gulvlegger Oslo","og_description":"Om Oss Velkommen til Gulvlegger Oslo, parkett og gulvspesialist i Oslo. Her er noen gode grunner til \u00e5 ansette oss som din autoriserte og erfarne gulvspesialist: -Lav pris &#8211; Vi kan alltid gj\u00f8re jobben til en god pris uten \u00e5 g\u00e5 p\u00e5 kompromiss med kvaliteten. &#8211; Stor sikkerhet &#8211; Vi har gode garantier for alle [&hellip;]","og_url":"https:\/\/gulvleggeroslo.no\/?page_id=837","og_site_name":"Gulvlegger Oslo","article_modified_time":"2022-09-01T21:41:16+00:00","twitter_card":"summary_large_image","twitter_misc":{"Est. reading time":"1 minute"},"schema":{"@context":"https:\/\/schema.org","@graph":[{"@type":"WebPage","@id":"https:\/\/gulvleggeroslo.no\/?page_id=837","url":"https:\/\/gulvleggeroslo.no\/?page_id=837","name":"Om oss - Gulvlegger Oslo","isPartOf":{"@id":"https:\/\/gulvleggeroslo.no\/#website"},"datePublished":"2018-09-24T11:06:06+00:00","dateModified":"2022-09-01T21:41:16+00:00","breadcrumb":{"@id":"https:\/\/gulvleggeroslo.no\/?page_id=837#breadcrumb"},"inLanguage":"en-US","potentialAction":[{"@type":"ReadAction","target":["https:\/\/gulvleggeroslo.no\/?page_id=837"]}]},{"@type":"BreadcrumbList","@id":"https:\/\/gulvleggeroslo.no\/?page_id=837#breadcrumb","itemListElement":[{"@type":"ListItem","position":1,"name":"Home","item":"https:\/\/gulvleggeroslo.no\/"},{"@type":"ListItem","position":2,"name":"Om oss"}]},{"@type":"WebSite","@id":"https:\/\/gulvleggeroslo.no\/#website","url":"https:\/\/gulvleggeroslo.no\/","name":"Gulvlegger Oslo","description":"","potentialAction":[{"@type":"SearchAction","target":{"@type":"EntryPoint","urlTemplate":"https:\/\/gulvleggeroslo.no\/?s={search_term_string}"},"query-input":{"@type":"PropertyValueSpecification","valueRequired":true,"valueName":"search_term_string"}}],"inLanguage":"en-US"}]}},"_links":{"self":[{"href":"https:\/\/gulvleggeroslo.no\/index.php?rest_route=\/wp\/v2\/pages\/837","targetHints":{"allow":["GET"]}}],"collection":[{"href":"https:\/\/gulvleggeroslo.no\/index.php?rest_route=\/wp\/v2\/pages"}],"about":[{"href":"https:\/\/gulvleggeroslo.no\/index.php?rest_route=\/wp\/v2\/types\/page"}],"author":[{"embeddable":true,"href":"https:\/\/gulvleggeroslo.no\/index.php?rest_route=\/wp\/v2\/users\/3"}],"replies":[{"embeddable":true,"href":"https:\/\/gulvleggeroslo.no\/index.php?rest_route=%2Fwp%2Fv2%2Fcomments&post=837"}],"version-history":[{"count":0,"href":"https:\/\/gulvleggeroslo.no\/index.php?rest_route=\/wp\/v2\/pages\/837\/revisions"}],"wp:attachment":[{"href":"https:\/\/gulvleggeroslo.no\/index.php?rest_route=%2Fwp%2Fv2%2Fmedia&parent=837"}],"curies":[{"name":"wp","href":"https:\/\/api.w.org\/{rel}","templated":true}]}}